{"id":2,"date":"2017-04-13T14:23:03","date_gmt":"2017-04-13T12:23:03","guid":{"rendered":"https:\/\/vps4.virtualservers.es\/?page_id=2"},"modified":"2020-02-26T20:00:00","modified_gmt":"2020-02-26T19:00:00","slug":"normatex-formacion","status":"publish","type":"page","link":"https:\/\/vps4.virtualservers.es\/","title":{"rendered":"Normatex formaci\u00f3n"},"content":{"rendered":"<section class=\"l-section wpb_row height_auto width_full\"><div class=\"l-section-h i-cf\"><div class=\"g-cols vc_row type_default valign_top\"><div class=\"vc_col-sm-12 wpb_column vc_column_container\"><div class=\"vc_column-inner\"><div class=\"wpb_wrapper\"><div class=\"g-cols wpb_row type_default valign_top vc_inner \"><div class=\"vc_col-sm-12 wpb_column vc_column_container animate_fade\"><div class=\"vc_column-inner\"><div class=\"wpb_wrapper\"><div id=\"ult-carousel-1227755876a045e5f1ad46\" class=\"ult-carousel-wrapper  vc_custom_1523351091140  ult_horizontal\" data-gutter=\"0\" data-rtl=\"false\" ><div class=\"ult-carousel-16469207626a045e5f1acda \" ><div class=\"ult-item-wrap\" data-animation=\"animated no-animation\"><div class=\"w-image\"><div class=\"w-image-h\"><a href=\"https:\/\/vps4.virtualservers.es\/catalogo-cursos\/\" title=\"\" target=\"\" rel=\"\"><img width=\"1024\" height=\"394\" src=\"https:\/\/vps4.virtualservers.es\/wp-content\/uploads\/2017\/05\/curso-manipulador-alimentos.jpg\" class=\"attachment-full size-full\" alt=\"curso manipulador de alimentos\" loading=\"lazy\" srcset=\"https:\/\/vps4.virtualservers.es\/wp-content\/uploads\/2017\/05\/curso-manipulador-alimentos.jpg 1024w, https:\/\/vps4.virtualservers.es\/wp-content\/uploads\/2017\/05\/curso-manipulador-alimentos-621x239.jpg 621w, https:\/\/vps4.virtualservers.es\/wp-content\/uploads\/2017\/05\/curso-manipulador-alimentos-768x296.jpg 768w, https:\/\/vps4.virtualservers.es\/wp-content\/uploads\/2017\/05\/curso-manipulador-alimentos-960x369.jpg 960w, https:\/\/vps4.virtualservers.es\/wp-content\/uploads\/2017\/05\/curso-manipulador-alimentos-150x58.jpg 150w, https:\/\/vps4.virtualservers.es\/wp-content\/uploads\/2017\/05\/curso-manipulador-alimentos-234x90.jpg 234w, https:\/\/vps4.virtualservers.es\/wp-content\/uploads\/2017\/05\/curso-manipulador-alimentos-284x109.jpg 284w\" sizes=\"(max-width: 1024px) 100vw, 1024px\" \/><\/a><\/div><\/div><\/div><div class=\"ult-item-wrap\" data-animation=\"animated no-animation\"><div class=\"w-image\"><div class=\"w-image-h\"><a href=\"https:\/\/vps4.virtualservers.es\/catalogo-cursos\/\" title=\"\" target=\"\" rel=\"\"><img width=\"1024\" height=\"394\" src=\"https:\/\/vps4.virtualservers.es\/wp-content\/uploads\/2017\/05\/curso-extincion-incendios.jpg\" class=\"attachment-full size-full\" alt=\"curso extinci\u00f3n de incendios\" loading=\"lazy\" srcset=\"https:\/\/vps4.virtualservers.es\/wp-content\/uploads\/2017\/05\/curso-extincion-incendios.jpg 1024w, https:\/\/vps4.virtualservers.es\/wp-content\/uploads\/2017\/05\/curso-extincion-incendios-621x239.jpg 621w, https:\/\/vps4.virtualservers.es\/wp-content\/uploads\/2017\/05\/curso-extincion-incendios-768x296.jpg 768w, https:\/\/vps4.virtualservers.es\/wp-content\/uploads\/2017\/05\/curso-extincion-incendios-960x369.jpg 960w, https:\/\/vps4.virtualservers.es\/wp-content\/uploads\/2017\/05\/curso-extincion-incendios-150x58.jpg 150w, https:\/\/vps4.virtualservers.es\/wp-content\/uploads\/2017\/05\/curso-extincion-incendios-234x90.jpg 234w, https:\/\/vps4.virtualservers.es\/wp-content\/uploads\/2017\/05\/curso-extincion-incendios-284x109.jpg 284w\" sizes=\"(max-width: 1024px) 100vw, 1024px\" \/><\/a><\/div><\/div><\/div><div class=\"ult-item-wrap\" data-animation=\"animated no-animation\"><div class=\"w-image\"><div class=\"w-image-h\"><a href=\"https:\/\/vps4.virtualservers.es\/catalogo-cursos\/\" title=\"\" target=\"\" rel=\"\"><img width=\"1024\" height=\"394\" src=\"https:\/\/vps4.virtualservers.es\/wp-content\/uploads\/2017\/05\/curso-carretillero.jpg\" class=\"attachment-full size-full\" alt=\"curso carretillero\" loading=\"lazy\" srcset=\"https:\/\/vps4.virtualservers.es\/wp-content\/uploads\/2017\/05\/curso-carretillero.jpg 1024w, https:\/\/vps4.virtualservers.es\/wp-content\/uploads\/2017\/05\/curso-carretillero-621x239.jpg 621w, https:\/\/vps4.virtualservers.es\/wp-content\/uploads\/2017\/05\/curso-carretillero-768x296.jpg 768w, https:\/\/vps4.virtualservers.es\/wp-content\/uploads\/2017\/05\/curso-carretillero-960x369.jpg 960w, https:\/\/vps4.virtualservers.es\/wp-content\/uploads\/2017\/05\/curso-carretillero-150x58.jpg 150w, https:\/\/vps4.virtualservers.es\/wp-content\/uploads\/2017\/05\/curso-carretillero-234x90.jpg 234w, https:\/\/vps4.virtualservers.es\/wp-content\/uploads\/2017\/05\/curso-carretillero-284x109.jpg 284w\" sizes=\"(max-width: 1024px) 100vw, 1024px\" \/><\/a><\/div><\/div><\/div><\/div><\/div>\t\t\t<script type=\"text\/javascript\">\n\t\t\t\tjQuery(document).ready(function ($) {\n\t\t\t\t\tif( typeof jQuery('.ult-carousel-16469207626a045e5f1acda').slick == \"function\"){\n\t\t\t\t\t\t$('.ult-carousel-16469207626a045e5f1acda').slick({dots: false,autoplay: true,autoplaySpeed: 3000,speed: 300,infinite: true,arrows: false,slidesToScroll:3,slidesToShow:3,swipe: false,draggable: false,touchMove: true,pauseOnHover: false,responsive: [\n\t\t\t\t\t\t\t{\n\t\t\t\t\t\t\t  breakpoint: 1025,\n\t\t\t\t\t\t\t  settings: {\n\t\t\t\t\t\t\t\tslidesToShow: 3,\n\t\t\t\t\t\t\t\tslidesToScroll: 3,  \n\t\t\t\t\t\t\t  }\n\t\t\t\t\t\t\t},\n\t\t\t\t\t\t\t{\n\t\t\t\t\t\t\t  breakpoint: 769,\n\t\t\t\t\t\t\t  settings: {\n\t\t\t\t\t\t\t\tslidesToShow: 1,\n\t\t\t\t\t\t\t\tslidesToScroll: 1\n\t\t\t\t\t\t\t  }\n\t\t\t\t\t\t\t},\n\t\t\t\t\t\t\t{\n\t\t\t\t\t\t\t  breakpoint: 481,\n\t\t\t\t\t\t\t  settings: {\n\t\t\t\t\t\t\t\tslidesToShow: 1,\n\t\t\t\t\t\t\t\tslidesToScroll: 1\n\t\t\t\t\t\t\t  }\n\t\t\t\t\t\t\t}\n\t\t\t\t\t\t],pauseOnDotsHover: true,customPaging: function(slider, i) {\n                   return '<i type=\"button\" style= \"color:#333333;\" class=\"ultsl-record\" data-role=\"none\"><\/i>';\n                },});\n\t\t\t\t\t}\n\t\t\t\t});\n\t\t\t<\/script>\n\t\t\t<\/div><\/div><\/div><\/div><\/div><\/div><\/div><\/div><\/div><\/section><section class=\"l-section wpb_row height_auto\"><div class=\"l-section-h i-cf\"><div class=\"g-cols vc_row type_default valign_top\"><div class=\"vc_col-sm-12 wpb_column vc_column_container\"><div class=\"vc_column-inner\"><div class=\"wpb_wrapper\"><div class=\"ult-spacer spacer-6a045e5f1b60b\" data-id=\"6a045e5f1b60b\" data-height=\"32\" data-height-mobile=\"0\" data-height-tab=\"32\" data-height-tab-portrait=\"32\" data-height-mobile-landscape=\"0\" style=\"clear:both;display:block;\"><\/div>\r\n\t<div class=\"wpb_text_column \">\r\n\t\t<div class=\"wpb_wrapper\">\r\n\t\t\t<h1 style=\"text-align: center; font-size: 200%;\">CURSOS Y SERVICIOS DE <span class=\"rojo\">NORMATEX<\/span> <span class=\"gris\">FORMACI\u00d3N<\/span><\/h1>\n\r\n\t\t<\/div>\r\n\t<\/div>\r\n<\/div><\/div><\/div><\/div><\/div><\/section><section class=\"l-section wpb_row height_auto\"><div class=\"l-section-h i-cf\"><div class=\"g-cols vc_row type_default valign_top\"><div class=\"vc_col-sm-12 vc_hidden-xs wpb_column vc_column_container\"><div class=\"vc_column-inner\"><div class=\"wpb_wrapper\">[vc_empty_space]<div class=\"g-cols wpb_row type_default valign_top vc_inner \"><div class=\"vc_col-sm-3 wpb_column vc_column_container\"><div class=\"vc_column-inner\"><div class=\"wpb_wrapper\"><div class=\"ult-just-icon-wrapper  \"><div class=\"align-icon\" style=\"text-align:center;\">\n<a class=\"aio-tooltip 6a045e5f1badc\" href=\"https:\/\/vps4.virtualservers.es\/formacion-para-empresas\/\"  data-toggle=\"tooltip\" data-placement=\"\"><div class=\"aio-icon none \"  style=\"color:#24919e;font-size:48px;display:inline-block;\">\n\t<i class=\"Defaults-building\"><\/i>\n<\/div><\/a><\/div><\/div>[vc_empty_space height=&#8221;10px&#8221;]\r\n\t<div class=\"wpb_text_column \">\r\n\t\t<div class=\"wpb_wrapper\">\r\n\t\t\t<p class=\"negrita mayusculas\" style=\"text-align: center;\">Para empresas<\/p>\n\r\n\t\t<\/div>\r\n\t<\/div>\r\n<\/div><\/div><\/div><div class=\"vc_col-sm-3 wpb_column vc_column_container\"><div class=\"vc_column-inner\"><div class=\"wpb_wrapper\"><div class=\"ult-just-icon-wrapper  \"><div class=\"align-icon\" style=\"text-align:center;\">\n<a class=\"aio-tooltip 6a045e5f1bc0e\" href=\"https:\/\/vps4.virtualservers.es\/trabajo\/\"  data-toggle=\"tooltip\" data-placement=\"\"><div class=\"aio-icon none \"  style=\"color:#24919e;font-size:48px;display:inline-block;\">\n\t<i class=\"Defaults-calendar\"><\/i>\n<\/div><\/a><\/div><\/div>[vc_empty_space height=&#8221;10px&#8221;]\r\n\t<div class=\"wpb_text_column \">\r\n\t\t<div class=\"wpb_wrapper\">\r\n\t\t\t<p class=\"negrita mayusculas\" style=\"text-align: center;\">ETT Empleo Temporal<\/p>\n\r\n\t\t<\/div>\r\n\t<\/div>\r\n<\/div><\/div><\/div><div class=\"vc_col-sm-3 wpb_column vc_column_container\"><div class=\"vc_column-inner\"><div class=\"wpb_wrapper\"><div class=\"ult-just-icon-wrapper  \"><div class=\"align-icon\" style=\"text-align:center;\">\n<a class=\"aio-tooltip 6a045e5f1bd18\" href=\"https:\/\/vps4.virtualservers.es\/trabajo\/\"  data-toggle=\"tooltip\" data-placement=\"\"><div class=\"aio-icon none \"  style=\"color:#24919e;font-size:48px;display:inline-block;\">\n\t<i class=\"Defaults-graduation-cap mortar-board\"><\/i>\n<\/div><\/a><\/div><\/div>[vc_empty_space height=&#8221;10px&#8221;]\r\n\t<div class=\"wpb_text_column \">\r\n\t\t<div class=\"wpb_wrapper\">\r\n\t\t\t<p class=\"negrita mayusculas\" style=\"text-align: center;\">Centros de formaci\u00f3n<\/p>\n\r\n\t\t<\/div>\r\n\t<\/div>\r\n<\/div><\/div><\/div><div class=\"vc_col-sm-3 wpb_column vc_column_container\"><div class=\"vc_column-inner\"><div class=\"wpb_wrapper\"><div class=\"ult-just-icon-wrapper  \"><div class=\"align-icon\" style=\"text-align:center;\">\n<a class=\"aio-tooltip 6a045e5f1be15\" href=\"https:\/\/vps4.virtualservers.es\/catalogo-cursos\/\"  data-toggle=\"tooltip\" data-placement=\"\"><div class=\"aio-icon none \"  style=\"color:#24919e;font-size:48px;display:inline-block;\">\n\t<i class=\"Defaults-group users\"><\/i>\n<\/div><\/a><\/div><\/div>[vc_empty_space height=&#8221;10px&#8221;]\r\n\t<div class=\"wpb_text_column \">\r\n\t\t<div class=\"wpb_wrapper\">\r\n\t\t\t<p class=\"negrita mayusculas\" style=\"text-align: center;\">Trabajadores<\/p>\n\r\n\t\t<\/div>\r\n\t<\/div>\r\n<\/div><\/div><\/div><\/div>[vc_empty_space]<\/div><\/div><\/div><\/div><\/div><\/section><section class=\"l-section wpb_row height_small\"><div class=\"l-section-h i-cf\"><div class=\"g-cols vc_row type_default valign_top\"><div class=\"vc_col-sm-8 wpb_column vc_column_container\"><div class=\"vc_column-inner\"><div class=\"wpb_wrapper\"><div class=\"g-cols wpb_row type_default valign_top vc_inner \"><div class=\"vc_col-sm-12 wpb_column vc_column_container\"><div class=\"vc_column-inner\"><div class=\"wpb_wrapper\"><div style=\"border-top: 1px solid #aaaaaa; height: 1em;\"><\/div>\r\n\t<div class=\"wpb_text_column \">\r\n\t\t<div class=\"wpb_wrapper\">\r\n\t\t\t<h3><span class=\"rojo\">NORMATEX<\/span> <span class=\"gris\">FORMACI\u00d3N<\/span> ofrece una amplia oferta en cursos de formaci\u00f3n y seguridad laboral.<\/h3>\n\r\n\t\t<\/div>\r\n\t<\/div>\r\n\r\n\t<div class=\"wpb_text_column \">\r\n\t\t<div class=\"wpb_wrapper\">\r\n\t\t\t<h4 class=\"rojo\">Lo que distingue a nuestros cursos<\/h4>\n<ul class=\"negrita\">\n<li>Diagn\u00f3stico, an\u00e1lisis y detecci\u00f3n de las necesidades formativas de la empresa<\/li>\n<li>Formaci\u00f3n presencial con pr\u00e1cticas<\/li>\n<li>Cursos homologados en las principales fundaciones<\/li>\n<li>Certificados por Servicio de Prevenci\u00f3n de Riesgos Laborales<\/li>\n<li>Resolvemos todos los tr\u00e1mites de la gesti\u00f3n para la bonificaci\u00f3n<\/li>\n<\/ul>\n<p><strong>Una oferta en formato flexible:<\/strong> formaci\u00f3n dirigida a trabajadores, empresas,\u00a0centros de formaci\u00f3n y autoescuelas. Pensada para hacerla lo m\u00e1s atractiva y eficaz posible y totalmente adaptada a sus necesidades.<\/p>\n\r\n\t\t<\/div>\r\n\t<\/div>\r\n\r\n\t<div class=\"wpb_text_column \">\r\n\t\t<div class=\"wpb_wrapper\">\r\n\t\t\t<p style=\"text-align: center;\"><a style=\"display: block;\" href=\"https:\/\/vps4.virtualservers.es\/docs\/Catalogo-de-cursos.pdf\" target=\"_blank\" rel=\"noopener noreferrer\"><img loading=\"lazy\" class=\"aligncenter size-full wp-image-503\" style=\"margin-bottom: 12px;\" src=\"https:\/\/vps4.virtualservers.es\/wp-content\/uploads\/2018\/10\/catalogo-cursos-2018.jpg\" alt=\"Cat\u00e1logo de cursos 2017\" width=\"842\" height=\"569\" \/><span class=\"aumentarfuente normal\">Descargar cat\u00e1logo en PDF.<i class=\"fa fa-file-pdf-o rojo\" style=\"margin-left: .6em;\"><\/i><\/span><\/a><\/p>\n\r\n\t\t<\/div>\r\n\t<\/div>\r\n<\/div><\/div><\/div><\/div><\/div><\/div><\/div><div class=\"vc_col-sm-4 wpb_column vc_column_container\"><div class=\"vc_column-inner\"><div class=\"wpb_wrapper\"><div class=\"g-cols wpb_row type_default valign_top vc_inner \"><div class=\"vc_col-sm-12 wpb_column vc_column_container\"><div class=\"vc_column-inner\"><div class=\"wpb_wrapper\"><div style=\"border-top: 1px solid #aaaaaa; height: 1em;\"><\/div>[vc_widget_sidebar sidebar_id=&#8221;us_widget_area_suscripcin&#8221;]<div class=\"w-separator type_default size_small thick_1 style_solid color_border cont_none\"><span class=\"w-separator-h\"><\/span><\/div><\/div><\/div><\/div><\/div><\/div><\/div><\/div><\/div><\/div><\/section><section class=\"l-section wpb_row height_small\" id=\"bonificada\"><div class=\"l-section-h i-cf\"><div class=\"g-cols vc_row type_default valign_top\"><div class=\"vc_col-sm-8 wpb_column vc_column_container\"><div class=\"vc_column-inner\"><div class=\"wpb_wrapper\"><div class=\"g-cols wpb_row type_default valign_top vc_inner \"><div class=\"vc_col-sm-12 wpb_column vc_column_container\"><div class=\"vc_column-inner\"><div class=\"wpb_wrapper\"><div style=\"border-top: 1px solid #aaaaaa; height: 1em;\"><\/div>\r\n\t<div class=\"wpb_text_column \">\r\n\t\t<div class=\"wpb_wrapper\">\r\n\t\t\t<h3 class=\"rojo\">Formaci\u00f3n Bonificada (FUNDAE)<\/h3>\n<p><span class=\"rojo negrita\">NORMATEX<\/span> ofrece la posibilidad de realizar los cursos ofertados bonificados, hasta el 100% seg\u00fan los casos, para empresas a trav\u00e9s de la FUNDAE, siendo \u00e9sta una gran oportunidad para la formaci\u00f3n continua del personal de su empresa (de forma individual o en grupo) para afrontar los nuevos retos del mundo de laboral.<\/p>\n<p>Este tipo de formaci\u00f3n (bonificada o programada) se hace efectiva a trav\u00e9s de bonificaciones en las cotizaciones a la Seguridad Social. En este sentido, cada empresa tiene a su disposici\u00f3n un cr\u00e9dito anual para la formaci\u00f3n de sus trabajadores, que se calcula en funci\u00f3n de la cuant\u00eda cotizada y de su plantilla.<\/p>\n\r\n\t\t<\/div>\r\n\t<\/div>\r\n<div class=\"w-separator type_default size_small thick_1 style_solid color_border cont_none\"><span class=\"w-separator-h\"><\/span><\/div>\r\n\t<div class=\"wpb_text_column \">\r\n\t\t<div class=\"wpb_wrapper\">\r\n\t\t\t<h4 class=\"rojo\">\u00bfC\u00f3mo se realiza y c\u00f3mo se puede bonificar la formaci\u00f3n?<\/h4>\n<p>La empresa o el propio trabajador pueden decidir qu\u00e9 formaci\u00f3n necesitan, c\u00f3mo y cu\u00e1ndo se realiza.<\/p>\n<p><span class=\"rojo negrita\">NORMATEX<\/span> somos\u00a0<strong>entidad formadora<\/strong> (impartimos los cursos) y a la vez <strong>entidad gestora<\/strong>, encarg\u00e1ndonos de todos los tr\u00e1mites de la gesti\u00f3n para la bonificaci\u00f3n, de manera que realizaremos el proceso completo para que pod\u00e1is acceder a las diferentes formaciones sin coste alguno.<\/p>\n<p class=\"negrita\">Este proceso consta de los siguientes pasos:<\/p>\n<ol class=\"negrita\">\n<li>Calcular tu cr\u00e9dito.<\/li>\n<li>Informar a la representaci\u00f3n legal de los trabajadores.<\/li>\n<li>Comunicar el inicio del curso.<\/li>\n<li>Realizar la formaci\u00f3n.<\/li>\n<li>Comunicar la finalizaci\u00f3n del curso.<\/li>\n<li>Aplicar la bonificaci\u00f3n.<\/li>\n<\/ol>\n\r\n\t\t<\/div>\r\n\t<\/div>\r\n<div class=\"cl-popup align_center\"><a href=\"javascript:void(0)\" class=\"cl-popup-trigger type_btn cl-btn\"><span>Solicita informaci\u00f3n<\/span><\/a><div class=\"cl-popup-overlay\" style=\"background-color:rgba(0,0,0,0.75);\"><\/div><div class=\"cl-popup-wrap\"><div class=\"cl-popup-box size_s animation_fadeIn\"><div class=\"cl-popup-box-h\"><div class=\"cl-popup-box-content\" style=\"color:#333333;background-color:#ffffff;\"><div role=\"form\" class=\"wpcf7\" id=\"wpcf7-f1111-o1\" lang=\"es-ES\" dir=\"ltr\">\n<div class=\"screen-reader-response\"><\/div>\n<form action=\"\/index.php?rest_route=%2Fwp%2Fv2%2Fpages%2F2#wpcf7-f1111-o1\" method=\"post\" class=\"wpcf7-form\" novalidate=\"novalidate\">\n<div style=\"display: none;\">\n<input type=\"hidden\" name=\"_wpcf7\" value=\"1111\" \/>\n<input type=\"hidden\" name=\"_wpcf7_version\" value=\"5.0.5\" \/>\n<input type=\"hidden\" name=\"_wpcf7_locale\" value=\"es_ES\" \/>\n<input type=\"hidden\" name=\"_wpcf7_unit_tag\" value=\"wpcf7-f1111-o1\" \/>\n<input type=\"hidden\" name=\"_wpcf7_container_post\" value=\"0\" \/>\n<\/div>\n<div class=\"oculto\" tabindex=\"-1\"><span class=\"wpcf7-form-control-wrap quiz-467\"><label><span class=\"wpcf7-quiz-label\">subject<\/span> <input type=\"text\" name=\"quiz-467\" size=\"40\" class=\"wpcf7-form-control wpcf7-quiz\" autocomplete=\"off\" aria-required=\"true\" aria-invalid=\"false\" \/><\/label><input type=\"hidden\" name=\"_wpcf7_quiz_answer_quiz-467\" value=\"7d2a8cf595bcb43968036f5cbda4d35b\" \/><\/span><\/div>\n<div class=fila\">\n<h3>Solicitud de informaci\u00f3n<\/h3>\n<\/div>\n<div class=\"fila\">\n<div class=\"media\"><span class=\"wpcf7-form-control-wrap your-empresa\"><input type=\"text\" name=\"your-empresa\" value=\"\" size=\"40\" class=\"wpcf7-form-control wpcf7-text wpcf7-validates-as-required\" aria-required=\"true\" aria-invalid=\"false\" placeholder=\"Empresa*\" \/><\/span><\/div>\n<div class=\"media\"><span class=\"wpcf7-form-control-wrap your-name\"><input type=\"text\" name=\"your-name\" value=\"\" size=\"40\" class=\"wpcf7-form-control wpcf7-text wpcf7-validates-as-required\" aria-required=\"true\" aria-invalid=\"false\" placeholder=\"Contacto*\" \/><\/span><\/div>\n<\/div>\n<div class=\"fila\">\n<div class=\"media\"><span class=\"wpcf7-form-control-wrap your-email\"><input type=\"email\" name=\"your-email\" value=\"\" size=\"40\" class=\"wpcf7-form-control wpcf7-text wpcf7-email wpcf7-validates-as-required wpcf7-validates-as-email\" aria-required=\"true\" aria-invalid=\"false\" placeholder=\"Email*\" \/><\/span><\/div>\n<div class=\"media\"><span class=\"wpcf7-form-control-wrap your-tel\"><input type=\"tel\" name=\"your-tel\" value=\"\" size=\"40\" class=\"wpcf7-form-control wpcf7-text wpcf7-tel wpcf7-validates-as-required wpcf7-validates-as-tel\" aria-required=\"true\" aria-invalid=\"false\" placeholder=\"Tel\u00e9fono de contacto\" \/><\/span><\/div>\n<\/div>\n<div class=fila\"><span class=\"wpcf7-form-control-wrap your-subject\"><select name=\"your-subject\" class=\"wpcf7-form-control wpcf7-select wpcf7-validates-as-required\" aria-required=\"true\" aria-invalid=\"false\"><option value=\"\">* Selecciona curso:<\/option><option value=\"Formaci\u00f3n bonificada e informaci\u00f3n general\">Formaci\u00f3n bonificada e informaci\u00f3n general<\/option><option value=\"Prevenci\u00f3n y extinci\u00f3n de incendios\">Prevenci\u00f3n y extinci\u00f3n de incendios<\/option><option value=\"Plan de autoprotecci\u00f3n\">Plan de autoprotecci\u00f3n<\/option><option value=\"Carretillas elevadoras y transpaletas\">Carretillas elevadoras y transpaletas<\/option><option value=\"Plataformas elevadoras m\u00f3viles de personal\">Plataformas elevadoras m\u00f3viles de personal<\/option><option value=\"Curso de tractorista\">Curso de tractorista<\/option><option value=\"Carnet de manipulador de alimentos\">Carnet de manipulador de alimentos<\/option><option value=\"Manipulador de productos fitosanitarios nivel b\u00e1sico\">Manipulador de productos fitosanitarios nivel b\u00e1sico<\/option><option value=\"Curso b\u00e1sico de prevenci\u00f3n de riesgos laborales\">Curso b\u00e1sico de prevenci\u00f3n de riesgos laborales<\/option><option value=\"Primeros auxilios\">Primeros auxilios<\/option><option value=\"Soporte vital b\u00e1sico y desfibrilador\">Soporte vital b\u00e1sico y desfibrilador<\/option><option value=\"Renovaci\u00f3n DESA (desfibrilador)\">Renovaci\u00f3n DESA (desfibrilador)<\/option><option value=\"Seguridad vial laboral\">Seguridad vial laboral<\/option><option value=\"Conducci\u00f3n eficiente y cuidado del veh\u00edculo\">Conducci\u00f3n eficiente y cuidado del veh\u00edculo<\/option><\/select><\/span>\n<\/div>\n<div class=\"fila\">\n<div class=\"completa\"><span class=\"wpcf7-form-control-wrap your-message\"><textarea name=\"your-message\" cols=\"40\" rows=\"10\" class=\"wpcf7-form-control wpcf7-textarea wpcf7-validates-as-required\" aria-required=\"true\" aria-invalid=\"false\" placeholder=\"Mensaje*\"><\/textarea><\/span><\/div>\n<\/div>\n<p><span class=\"wpcf7-form-control-wrap consentimiento\"><span class=\"wpcf7-form-control wpcf7-acceptance\"><span class=\"wpcf7-list-item\"><label><input type=\"checkbox\" name=\"consentimiento\" value=\"1\" aria-invalid=\"false\" \/><span class=\"wpcf7-list-item-label\">He le\u00eddo y acepto la <a href=\"https:\/\/vps4.virtualservers.es\/privacidad-y-cookies\/\" target=\"_blank\">pol\u00edtica de privacidad<\/a><\/span><\/label><\/span><\/span><\/span><\/p>\n<div class=\"fila\">\n<div class=\"completa\"><input type=\"submit\" value=\"Enviar\" class=\"wpcf7-form-control wpcf7-submit\" \/><\/div>\n<\/div>\n<div class=\"wpcf7-response-output wpcf7-display-none\"><\/div><\/form><\/div><\/div><div class=\"cl-popup-box-closer\"><\/div><\/div><\/div><div class=\"cl-popup-closer\"><\/div><\/div><\/div><div class=\"w-separator type_default size_small thick_1 style_solid color_border cont_none\"><span class=\"w-separator-h\"><\/span><\/div>\r\n\t<div class=\"wpb_text_column \">\r\n\t\t<div class=\"wpb_wrapper\">\r\n\t\t\t<h3>Servicios de <span class=\"rojo\">NORMATEX<\/span>\u00a0<span class=\"gris\">FORMACI\u00d3N<\/span><\/h3>\n<p><strong><span class=\"rojo\">NORMATEX<\/span><\/strong>, como empresa organizadora de la formaci\u00f3n para empresas, cumple con la normativa establecida para realizar los descuentos en formaci\u00f3n bonificada.<\/p>\n<ul class=\"normal\">\n<li>Cursos de formaci\u00f3n para grupos y empresas <a href=\"https:\/\/vps4.virtualservers.es\/formacion-para-empresas\/\">[+&#8230;]<\/a>.<\/li>\n<li>Cursos de formaci\u00f3n dirigidos a trabajadores y desempleados <a href=\"https:\/\/vps4.virtualservers.es\/catalogo-cursos\/\">[+&#8230;]<\/a>.<\/li>\n<li>Cursos desarrollados para\u00a0centros de formaci\u00f3n y autoescuelas <a href=\"https:\/\/vps4.virtualservers.es\/trabajo\/\">[+&#8230;]<\/a>.<\/li>\n<li>Gesti\u00f3n de la formaci\u00f3n bonificada (Fundaci\u00f3n Tripartita &#8211; FUNDAE).<\/li>\n<li>Servicio de prevenci\u00f3n de riesgos laborales.<\/li>\n<li>Cursos de prevenci\u00f3n de riesgos laborales.<\/li>\n<\/ul>\n\r\n\t\t<\/div>\r\n\t<\/div>\r\n<div class=\"w-image\"><div class=\"w-image-h\"><img width=\"621\" height=\"349\" src=\"https:\/\/vps4.virtualservers.es\/wp-content\/uploads\/2017\/04\/ancho-3s-960-621x349.jpg\" class=\"attachment-us_621_0 size-us_621_0\" alt=\"Obreros sentados en viga de rascacielos\" loading=\"lazy\" srcset=\"https:\/\/vps4.virtualservers.es\/wp-content\/uploads\/2017\/04\/ancho-3s-960-621x349.jpg 621w, https:\/\/vps4.virtualservers.es\/wp-content\/uploads\/2017\/04\/ancho-3s-960-768x432.jpg 768w, https:\/\/vps4.virtualservers.es\/wp-content\/uploads\/2017\/04\/ancho-3s-960-150x84.jpg 150w, https:\/\/vps4.virtualservers.es\/wp-content\/uploads\/2017\/04\/ancho-3s-960-234x132.jpg 234w, https:\/\/vps4.virtualservers.es\/wp-content\/uploads\/2017\/04\/ancho-3s-960-284x160.jpg 284w, https:\/\/vps4.virtualservers.es\/wp-content\/uploads\/2017\/04\/ancho-3s-960.jpg 960w\" sizes=\"(max-width: 621px) 100vw, 621px\" \/><\/div><\/div><\/div><\/div><\/div><\/div><\/div><\/div><\/div><div class=\"vc_col-sm-4 wpb_column vc_column_container\"><div class=\"vc_column-inner\"><div class=\"wpb_wrapper\"><div class=\"g-cols wpb_row type_default valign_top vc_inner \"><div class=\"vc_col-sm-12 wpb_column vc_column_container\"><div class=\"vc_column-inner\"><div class=\"wpb_wrapper\"><div style=\"border-top: 1px solid #aaaaaa; height: 1em;\"><\/div><div class=\"w-image\"><div class=\"w-image-h\"><img width=\"301\" height=\"47\" src=\"https:\/\/vps4.virtualservers.es\/wp-content\/uploads\/2017\/04\/logo-fundae.png\" class=\"attachment-full size-full\" alt=\"FUNDAE Fundaci\u00f3n Estatal para la Formaci\u00f3n en el Empleo\" loading=\"lazy\" srcset=\"https:\/\/vps4.virtualservers.es\/wp-content\/uploads\/2017\/04\/logo-fundae.png 301w, https:\/\/vps4.virtualservers.es\/wp-content\/uploads\/2017\/04\/logo-fundae-150x23.png 150w, https:\/\/vps4.virtualservers.es\/wp-content\/uploads\/2017\/04\/logo-fundae-234x37.png 234w, https:\/\/vps4.virtualservers.es\/wp-content\/uploads\/2017\/04\/logo-fundae-284x44.png 284w\" sizes=\"(max-width: 301px) 100vw, 301px\" \/><\/div><\/div><div class=\"w-separator type_default size_small thick_1 style_solid color_border cont_none\"><span class=\"w-separator-h\"><\/span><\/div><\/div><\/div><\/div><\/div><\/div><\/div><\/div><\/div><\/div><\/section><section class=\"l-section wpb_row height_auto\"><div class=\"l-section-h i-cf\"><div class=\"g-cols vc_row type_default valign_top\"><div class=\"vc_col-sm-12 wpb_column vc_column_container\"><div class=\"vc_column-inner\"><div class=\"wpb_wrapper\">[vc_empty_space]<\/div><\/div><\/div><\/div><\/div><\/section>\n","protected":false},"excerpt":{"rendered":"jQuery(document).ready(function ($) { if( typeof jQuery('.ult-carousel-14555705256a045e5f1e835').slick == \"function\"){ $('.ult-carousel-14555705256a045e5f1e835').slick({dots: false,autoplay: true,autoplaySpeed: 3000,speed: 300,infinite: true,arrows: false,slidesToScroll:3,slidesToShow:3,swipe: false,draggable: false,touchMove: true,pauseOnHover: false,responsive: [ { breakpoint: 1025, settings: { slidesToShow: 3, slidesToScroll: 3, } }, { breakpoint: 769, settings: { slidesToShow: 1, slidesToScroll: 1 } }, { breakpoint: 481, settings: { slidesToShow: 1, slidesToScroll: 1 } } ],pauseOnDotsHover: true,customPaging:...","protected":false},"author":2,"featured_media":0,"parent":0,"menu_order":0,"comment_status":"closed","ping_status":"closed","template":"","meta":[],"yst_prominent_words":[],"_links":{"self":[{"href":"https:\/\/vps4.virtualservers.es\/index.php?rest_route=\/wp\/v2\/pages\/2"}],"collection":[{"href":"https:\/\/vps4.virtualservers.es\/index.php?rest_route=\/wp\/v2\/pages"}],"about":[{"href":"https:\/\/vps4.virtualservers.es\/index.php?rest_route=\/wp\/v2\/types\/page"}],"author":[{"embeddable":true,"href":"https:\/\/vps4.virtualservers.es\/index.php?rest_route=\/wp\/v2\/users\/2"}],"replies":[{"embeddable":true,"href":"https:\/\/vps4.virtualservers.es\/index.php?rest_route=%2Fwp%2Fv2%2Fcomments&post=2"}],"version-history":[{"count":0,"href":"https:\/\/vps4.virtualservers.es\/index.php?rest_route=\/wp\/v2\/pages\/2\/revisions"}],"wp:attachment":[{"href":"https:\/\/vps4.virtualservers.es\/index.php?rest_route=%2Fwp%2Fv2%2Fmedia&parent=2"}],"wp:term":[{"taxonomy":"yst_prominent_words","embeddable":true,"href":"https:\/\/vps4.virtualservers.es\/index.php?rest_route=%2Fwp%2Fv2%2Fyst_prominent_words&post=2"}],"curies":[{"name":"wp","href":"https:\/\/api.w.org\/{rel}","templated":true}]}}