{"id":433,"date":"2017-05-24T21:15:06","date_gmt":"2017-05-24T19:15:06","guid":{"rendered":"https:\/\/vps4.virtualservers.es\/?page_id=433"},"modified":"2019-11-15T19:42:05","modified_gmt":"2019-11-15T18:42:05","slug":"privacidad-y-cookies","status":"publish","type":"page","link":"https:\/\/vps4.virtualservers.es\/?page_id=433","title":{"rendered":"Privacidad y cookies"},"content":{"rendered":"<section class=\"l-section wpb_row height_medium\"><div class=\"l-section-h i-cf\"><div class=\"g-cols vc_row type_default valign_top\"><div class=\"vc_col-sm-12 wpb_column vc_column_container\"><div class=\"vc_column-inner\"><div class=\"wpb_wrapper\"><div class=\"g-cols wpb_row type_default valign_top vc_inner \"><div class=\"vc_col-sm-12 wpb_column vc_column_container\"><div class=\"vc_column-inner\"><div class=\"wpb_wrapper\">\r\n\t<div class=\"wpb_text_column \">\r\n\t\t<div class=\"wpb_wrapper\">\r\n\t\t\t<h2>Privacidad y protecci\u00f3n de datos<\/h2>\n<h5>Seguridad<\/h5>\n<p>Los datos enviados a trav\u00e9s de esta web viajan seguros. La conexi\u00f3n utiliza TLS 1.2 y se ha encriptado y autenticado con AES_128_GCM, haciendo pr\u00e1cticamente imposible su interceptaci\u00f3n o suplantaci\u00f3n por terceros. Pese a ello, recuerda que no existe una tecnolog\u00eda invulnerable.<\/p>\n<h5>Responsable del tratamiento de tus datos.<\/h5>\n<p>Normatex Ingenier\u00eda Contra Incendios S.L.<br \/>\nCalle de las Artes y los Oficios (Pol\u00edgono Industrial Oeste), Nave 9.<br \/>\n30820 Alcantarilla (Murcia).<br \/>\nTel\u00e9fono: 968 89 00 29<br \/>\nCIF: B30410013<\/p>\n<h5>\u00bfQu\u00e9 datos recogemos de nuestros usuarios?<\/h5>\n<p>Direcci\u00f3n IP (Internet Protocol), ISP (Internet Service Provider), el navegador usado para acceder a nuestra web, a qu\u00e9 p\u00e1ginas han accedido y los datos que t\u00fa facilites y que son los estrictamente necesarios para el cumplimiento de la relaci\u00f3n contractual.<\/p>\n<h5>\u00bfPara qu\u00e9 usamos tus datos?<\/h5>\n<ol>\n<li>Para el desarrollo, cumplimiento y ejecuci\u00f3n del contrato de compraventa de los productos o servicios que has adquirido o de cualquier otro contrato entre ambos.<\/li>\n<li>Para atender las solicitudes que nos plantees.<\/li>\n<li>En caso de que te hayas suscrito a nuestro bolet\u00edn, para proporcionarte informaci\u00f3n acerca de los servicios y ofertas por correo electr\u00f3nico o por cualquier otro medio de comunicaci\u00f3n electr\u00f3nica equivalente.<\/li>\n<\/ol>\n<h5>\u00bfCu\u00e1l es la legitimaci\u00f3n para el tratamiento de tus datos?<\/h5>\n<p>La base legal para el tratamiento de tus datos es tu consentimiento informado.<\/p>\n<h5>\u00bfA qui\u00e9nes se comunican tus datos?<\/h5>\n<p>Tus datos personales no ser\u00e1n proporcionados a otros terceros salvo obligaci\u00f3n legal. Excepcionalmente podr\u00edan ser comunicados a los profesionales que prestan los servicios contratados.<\/p>\n<h5>\u00bfPor cu\u00e1nto tiempo conservaremos tus datos?<\/h5>\n<p>Los datos ser\u00e1n conservados el tiempo necesario para dar respuesta a las consultas, y, en el caso de suscripciones, mientras no te des de baja de nuestros boletines informativos.<\/p>\n<h5>\u00bfCu\u00e1les son tus derechos cuando nos facilitas tus datos?<\/h5>\n<p>Tienes derecho a obtener confirmaci\u00f3n sobre si en Normatex estamos tratando datos personales que te conciernan. Tambi\u00e9n tienes derecho a acceder a tus datos personales, a solicitar la rectificaci\u00f3n de los datos inexactos y a solicitar su supresi\u00f3n cuando ya no sean necesarios para los fines que fueron recogidos.<\/p>\n<p>Recuerda que en todo momento podr\u00e1s presentar una reclamaci\u00f3n ante la autoridad de control.<\/p>\n<h5>\u00bfC\u00f3mo hemos obtenido tus datos?<\/h5>\n<p>Los datos personales que tratamos han sido proporcionados directamente por t\u00ed a trav\u00e9s de los diferentes formularios de los que dispone la p\u00e1gina web o por cualquier otro medio. \u00danicamente tratamos los datos identificativos, econ\u00f3micos y de contacto que t\u00fa nos hayas facilitado.<\/p>\n\r\n\t\t<\/div>\r\n\t<\/div>\r\n\r\n\t<div class=\"wpb_text_column \">\r\n\t\t<div class=\"wpb_wrapper\">\r\n\t\t\t<p>El usuario puede contactar con Normatex por correo postal o a trav\u00e9s de cualesquiera de los medios arriba indicados.<\/p>\n\r\n\t\t<\/div>\r\n\t<\/div>\r\n<\/div><\/div><\/div><\/div><div class=\"w-separator type_invisible size_small thick_1 style_solid color_border cont_none\"><span class=\"w-separator-h\"><\/span><\/div><div style=\"border-top: 1px solid #aaaaaa; height: 1em;\"><\/div>\r\n\t<div class=\"wpb_text_column \">\r\n\t\t<div class=\"wpb_wrapper\">\r\n\t\t\t<h2>Pol\u00edtica de cookies<\/h2>\n<p>Desde <strong>Normatex Formaci\u00f3n<\/strong>\u00a0queremos ofrecerte la informaci\u00f3n necesaria sobre las cookies y detallar las que usamos en nuestro Sitio Web, para que tengas plena capacidad de decisi\u00f3n sobre el uso de las mismas y con respecto a la protecci\u00f3n de tu privacidad.<\/p>\n<p>En la primera visita a nuestro Sitio Web ser\u00e1s informado de la existencia de cookies y de la presente Pol\u00edtica de Cookies. Si contin\u00faas navegando se entiende que consientes la instalaci\u00f3n de las cookies informadas.<\/p>\n<p>En futuras visitas a nuestro Sitio Web puedes consultar la presente Pol\u00edtica desde el enlace habilitado al efecto al pie de todas las p\u00e1ginas.<br \/>\nSi desearas retirar en cualquier momento tu consentimiento en relaci\u00f3n con las cookies de nuestro Sitio Web, deber\u00e1s eliminar las cookies almacenadas en tu terminal y modificar la configuraci\u00f3n del navegador de Internet. No obstante, te informamos de que si impides la instalaci\u00f3n o eliminsa las cookies, algunas funcionalidades, servicios y contenidos de nuestro Sitio Web pueden verse afectados.<\/p>\n<h4>\u00bfQu\u00e9 son las cookies?<\/h4>\n<p>Una cookie es un peque\u00f1o fichero que se descarga en su terminal (ya sea un ordenador, tel\u00e9fono inteligente o tableta) cuando accede a una p\u00e1gina web y que permite al titular de la p\u00e1gina almacenar o recuperar informaci\u00f3n sobre aspectos de su navegaci\u00f3n.<\/p>\n<h4>\u00bfQu\u00e9 cookies utiliza este Sitio Web?<\/h4>\n<p>En este Sitio Web se utilizan cookies con la finalidad de posibilitar, personalizar y analizar la navegaci\u00f3n, mejorando la calidad de los servicios ofrecidos a trav\u00e9s de este Sitio Web.<br \/>\nLas cookies utilizadas se clasifican en varias categor\u00edas, si bien una cookie puede estar incluida en m\u00e1s de una categor\u00eda:<\/p>\n<ul>\n<li><span class=\"normal\">Cookies t\u00e9cnicas:<\/span> son cookies necesarias para una correcta navegaci\u00f3n. Son, por ejemplo, las<br \/>\ncookies de acceso de usuario o de cesta de la compra.<\/li>\n<li><span class=\"normal\">Cookies de tercera parte:<\/span> son cookies que se env\u00edan a su terminal desde un dominio que no es gestionado por Normatex, sino por otra entidad que trata los datos obtenidos a trav\u00e9s de las cookies. Con la finalidad de permitir diversas funcionalidades, nuestro Sitio Web pude utilizar cookies de YouTube, Inc. para la reproducci\u00f3n de videos (<a href=\"https:\/\/www.google.com\/intl\/es_es\/policies\/technologies\/cookies\/\" target=\"_blank\" rel=\"noopener noreferrer\">https:\/\/www.google.com\/intl\/es_es\/policies\/technologies\/cookies\/<\/a>).<\/li>\n<li><span class=\"normal\">Cookies anal\u00edticas:<\/span> son cookies utilizadas para el seguimiento y an\u00e1lisis del comportamiento de los usuarios y que nos permiten medir la actividad en nuestro Sitio Web.<br \/>\nEn este Sitio Web se utilizan cookies anal\u00edticas proporcionadas por la herramienta Google Analytics (<a href=\"https:\/\/www.google.com\/intl\/es_es\/policies\/technologies\/cookies\/\" target=\"_blank\" rel=\"noopener noreferrer\">https:\/\/www.google.com\/intl\/es_es\/policies\/technologies\/cookies\/<\/a>).<\/li>\n<\/ul>\n<h4>\u00bfQui\u00e9n utiliza las cookies?<\/h4>\n<p>La informaci\u00f3n que se recaba a trav\u00e9s de las cookies descargadas desde el dominio gestionado por Normatex, es utilizada por Normatex\u00a0y por Google Inc., como prestador de los servicios de an\u00e1lisis.<br \/>\nOtros terceros como YouTube, Inc. acceden a la informaci\u00f3n recabada por las cookies gestionadas desde sus dominios. Para m\u00e1s informaci\u00f3n se recomienda acceder a los enlaces facilitados al efecto.<\/p>\n<h4>Como gestionar las cookies en tu navegador<\/h4>\n<p>Los navegadores de Internet permiten visualizar, desactivar, restringir, bloquear o eliminar las cookies.<br \/>\nA continuaci\u00f3n se incluyen los enlaces sobre como configurar las cookies en los principales navegadores, si bien te recomendamos que consultes el soporte o la ayuda de tu navegador para obtener informaci\u00f3n detallada y actualizada en funci\u00f3n de la versi\u00f3n y el terminal utilizado.<\/p>\n<p class=\"normal\"><a href=\"https:\/\/goo.gl\/V5zL0N\" target=\"_blank\" rel=\"noopener noreferrer\">Google Chrome<\/a>\u00a0\u2022 <a href=\"https:\/\/support.apple.com\/es-es\/HT201265\" target=\"_blank\" rel=\"noopener noreferrer\">Safari<\/a>\u00a0\u2022 <a href=\"http:\/\/goo.gl\/LWJjBk\" target=\"_blank\" rel=\"noopener noreferrer\">Firefox<\/a>\u00a0\u2022 <a href=\"https:\/\/support.microsoft.com\/es-es\/help\/17442\/windows-internet-explorer-delete-manage-cookies\" target=\"_blank\" rel=\"noopener noreferrer\">Internet Explorer<\/a><\/p>\n<p>Asimismo, te informamos de que algunos navegadores permiten activar un modo privado o inc\u00f3gnito de navegaci\u00f3n en virtud del cual las cookies se instalan en el terminal pero se eliminan de manera autom\u00e1tica cuando finaliza la sesi\u00f3n de navegaci\u00f3n.<\/p>\n\r\n\t\t<\/div>\r\n\t<\/div>\r\n<\/div><\/div><\/div><\/div><\/div><\/section>\n","protected":false},"excerpt":{"rendered":"Privacidad y protecci\u00f3n de datos Seguridad Los datos enviados a trav\u00e9s de esta web viajan seguros. La conexi\u00f3n utiliza TLS 1.2 y se ha encriptado y autenticado con AES_128_GCM, haciendo pr\u00e1cticamente imposible su interceptaci\u00f3n o suplantaci\u00f3n por terceros. Pese a ello, recuerda que no existe una tecnolog\u00eda invulnerable. Responsable del tratamiento de tus datos. Normatex...","protected":false},"author":2,"featured_media":0,"parent":0,"menu_order":201,"comment_status":"closed","ping_status":"closed","template":"","meta":[],"yst_prominent_words":[53,68,66,55,56,60,31,69,62,63,59,64,61,52,54,70,58,65,57,67],"_links":{"self":[{"href":"https:\/\/vps4.virtualservers.es\/index.php?rest_route=\/wp\/v2\/pages\/433"}],"collection":[{"href":"https:\/\/vps4.virtualservers.es\/index.php?rest_route=\/wp\/v2\/pages"}],"about":[{"href":"https:\/\/vps4.virtualservers.es\/index.php?rest_route=\/wp\/v2\/types\/page"}],"author":[{"embeddable":true,"href":"https:\/\/vps4.virtualservers.es\/index.php?rest_route=\/wp\/v2\/users\/2"}],"replies":[{"embeddable":true,"href":"https:\/\/vps4.virtualservers.es\/index.php?rest_route=%2Fwp%2Fv2%2Fcomments&post=433"}],"version-history":[{"count":0,"href":"https:\/\/vps4.virtualservers.es\/index.php?rest_route=\/wp\/v2\/pages\/433\/revisions"}],"wp:attachment":[{"href":"https:\/\/vps4.virtualservers.es\/index.php?rest_route=%2Fwp%2Fv2%2Fmedia&parent=433"}],"wp:term":[{"taxonomy":"yst_prominent_words","embeddable":true,"href":"https:\/\/vps4.virtualservers.es\/index.php?rest_route=%2Fwp%2Fv2%2Fyst_prominent_words&post=433"}],"curies":[{"name":"wp","href":"https:\/\/api.w.org\/{rel}","templated":true}]}}