{"id":53,"date":"2017-04-15T14:23:30","date_gmt":"2017-04-15T12:23:30","guid":{"rendered":"https:\/\/vps4.virtualservers.es\/?page_id=53"},"modified":"2020-01-30T18:56:57","modified_gmt":"2020-01-30T17:56:57","slug":"trabajo","status":"publish","type":"page","link":"https:\/\/vps4.virtualservers.es\/?page_id=53","title":{"rendered":"Trabajo"},"content":{"rendered":"<section class=\"l-section wpb_row height_small\"><div class=\"l-section-h i-cf\"><div class=\"g-cols vc_row type_default valign_top\"><div class=\"vc_col-sm-12 wpb_column vc_column_container\"><div class=\"vc_column-inner\"><div class=\"wpb_wrapper\"><div class=\"g-cols wpb_row type_default valign_top vc_inner \"><div class=\"vc_col-sm-8 wpb_column vc_column_container\"><div class=\"vc_column-inner\"><div class=\"wpb_wrapper\"><div class=\"w-image\"><div class=\"w-image-h\"><img width=\"621\" height=\"287\" src=\"https:\/\/vps4.virtualservers.es\/wp-content\/uploads\/2017\/04\/centro-formacion-3-621x287.jpg\" class=\"attachment-us_621_0 size-us_621_0\" alt=\"Alumnos en centro de formaci\u00f3n\" loading=\"lazy\" srcset=\"https:\/\/vps4.virtualservers.es\/wp-content\/uploads\/2017\/04\/centro-formacion-3-621x287.jpg 621w, https:\/\/vps4.virtualservers.es\/wp-content\/uploads\/2017\/04\/centro-formacion-3-768x354.jpg 768w, https:\/\/vps4.virtualservers.es\/wp-content\/uploads\/2017\/04\/centro-formacion-3.jpg 960w, https:\/\/vps4.virtualservers.es\/wp-content\/uploads\/2017\/04\/centro-formacion-3-150x69.jpg 150w, https:\/\/vps4.virtualservers.es\/wp-content\/uploads\/2017\/04\/centro-formacion-3-234x108.jpg 234w, https:\/\/vps4.virtualservers.es\/wp-content\/uploads\/2017\/04\/centro-formacion-3-284x131.jpg 284w\" sizes=\"(max-width: 621px) 100vw, 621px\" \/><\/div><\/div>\r\n\t<div class=\"wpb_text_column \">\r\n\t\t<div class=\"wpb_wrapper\">\r\n\t\t\t<h1>\u00bfEres asesor, graduado social o diriges un centro de formaci\u00f3n?<\/h1>\n<p>Colaboramos con asesor\u00edas laborales, graduados sociales, centros de formaci\u00f3n, academias y autoescuelas, proporcion\u00e1ndoles la cobertura legal y t\u00e9cnica necesaria, de modo que se genere una sinergia en la que <strong>todos salgamos ganando (win to win)<\/strong>.<\/p>\n\r\n\t\t<\/div>\r\n\t<\/div>\r\n<div class=\"w-separator type_default size_small thick_1 style_solid color_border cont_none\"><span class=\"w-separator-h\"><\/span><\/div>\r\n\t<div class=\"wpb_text_column \">\r\n\t\t<div class=\"wpb_wrapper\">\r\n\t\t\t<h3>Ventajas de colaborar con <span class=\"rojo\">NORMATEX<\/span><\/h3>\n<ul>\n<li>Colaborar con una empresa que tiene\u00a0una experiencia en el sector de m\u00e1s de 20\u00a0a\u00f1os.<\/li>\n<li>Aumentar tu oferta de formaci\u00f3n\u00a0con nuestro\u00a0<a href=\"https:\/\/vps4.virtualservers.es\/catalogo\/\" target=\"_blank\" rel=\"noopener noreferrer\"><span class=\"normal\">cat\u00e1logo de cursos<\/span><\/a>.<\/li>\n<li>Tendr\u00e1s m\u00e1s clientes al ofrecer servicios nuevos\u00a0en\u00a0tu centro o autoescuela.<\/li>\n<li>Como partners de <strong>Servicios de Prevenci\u00f3n de Riesgos Laborales<\/strong>, ofrecemos una nueva gama de <strong>cursos homologados<\/strong> por las fundaciones laborales, cursos que <strong>solo pueden impartir<\/strong> los Servicios de Prevenci\u00f3n acreditados\u00a0ante dichas entidades.<\/li>\n<li>Lo \u00fanico que debe aportar tu\u00a0centro de formaci\u00f3n son los alumnos porque gestionamos todo lo necesario:\u00a0manuales acordes a la normativa, diplomas, certificaciones,\u00a0homologaciones, altas en la fundaci\u00f3n laboral, etc.<\/li>\n<li>Gestionamos\u00a0la\u00a0<strong>bonificaci\u00f3n\u00a0de cursos<\/strong>\u00a0ante la Fundaci\u00f3n Estatal para la Formaci\u00f3n en el Empleo\u00a0(antigua Fundaci\u00f3n Tripartita) para las empresas que dispongan de cr\u00e9ditos en formaci\u00f3n de FUNDAE.<\/li>\n<\/ul>\n\r\n\t\t<\/div>\r\n\t<\/div>\r\n<div class=\"w-separator type_invisible size_small thick_1 style_solid color_border cont_none\"><span class=\"w-separator-h\"><\/span><\/div>\r\n\t<div class=\"wpb_text_column \">\r\n\t\t<div class=\"wpb_wrapper\">\r\n\t\t\t<p class=\"aumentarfuente negrita rojo\">\u00bfTe gustar\u00eda colaborar con nosotros\u00a0o conocer\u00a0las posibles l\u00edneas de trabajo que podr\u00edamos abrir?<\/p>\n\r\n\t\t<\/div>\r\n\t<\/div>\r\n<div class=\"w-separator type_invisible size_small thick_1 style_solid color_border cont_none\"><span class=\"w-separator-h\"><\/span><\/div><div class=\"cl-popup align_center\"><a href=\"javascript:void(0)\" class=\"cl-popup-trigger type_btn cl-btn\"><span>Inf\u00f3rmate sin compromiso<\/span><\/a><div class=\"cl-popup-overlay\" style=\"background-color:rgba(0,0,0,0.75);\"><\/div><div class=\"cl-popup-wrap\"><div class=\"cl-popup-box size_m animation_slideTop\"><div class=\"cl-popup-box-h\"><div class=\"cl-popup-box-content\" style=\"color:#333333;background-color:#ffffff;\">\n<h6>P\u00eddenos informaci\u00f3n\u00a0y contactaremos contigo lo antes posible.<\/h6>\n<div role=\"form\" class=\"wpcf7\" id=\"wpcf7-f288-o1\" lang=\"es-ES\" dir=\"ltr\">\n<div class=\"screen-reader-response\"><\/div>\n<form action=\"\/index.php?rest_route=%2Fwp%2Fv2%2Fpages%2F53#wpcf7-f288-o1\" method=\"post\" class=\"wpcf7-form\" novalidate=\"novalidate\">\n<div style=\"display: none;\">\n<input type=\"hidden\" name=\"_wpcf7\" value=\"288\" \/>\n<input type=\"hidden\" name=\"_wpcf7_version\" value=\"5.0.5\" \/>\n<input type=\"hidden\" name=\"_wpcf7_locale\" value=\"es_ES\" \/>\n<input type=\"hidden\" name=\"_wpcf7_unit_tag\" value=\"wpcf7-f288-o1\" \/>\n<input type=\"hidden\" name=\"_wpcf7_container_post\" value=\"0\" \/>\n<\/div>\n<div class=\"oculto\" tabindex=\"-1\"><span class=\"wpcf7-form-control-wrap quiz-467\"><label><span class=\"wpcf7-quiz-label\">subject<\/span> <input type=\"text\" name=\"quiz-467\" size=\"40\" class=\"wpcf7-form-control wpcf7-quiz\" autocomplete=\"off\" aria-required=\"true\" aria-invalid=\"false\" \/><\/label><input type=\"hidden\" name=\"_wpcf7_quiz_answer_quiz-467\" value=\"7d2a8cf595bcb43968036f5cbda4d35b\" \/><\/span><\/div>\n<div class=\"fila\">\n<div class=\"media\"><span class=\"wpcf7-form-control-wrap your-subject\"><input type=\"text\" name=\"your-subject\" value=\"\" size=\"40\" class=\"wpcf7-form-control wpcf7-text wpcf7-validates-as-required\" aria-required=\"true\" aria-invalid=\"false\" placeholder=\"Asunto*\" \/><\/span><\/div>\n<div class=\"media\"><span class=\"wpcf7-form-control-wrap your-name\"><input type=\"text\" name=\"your-name\" value=\"\" size=\"40\" class=\"wpcf7-form-control wpcf7-text wpcf7-validates-as-required\" aria-required=\"true\" aria-invalid=\"false\" placeholder=\"Nombre*\" \/><\/span><\/div>\n<\/div>\n<div class=\"fila\">\n<div class=\"media\"><span class=\"wpcf7-form-control-wrap your-email\"><input type=\"email\" name=\"your-email\" value=\"\" size=\"40\" class=\"wpcf7-form-control wpcf7-text wpcf7-email wpcf7-validates-as-required wpcf7-validates-as-email\" aria-required=\"true\" aria-invalid=\"false\" placeholder=\"Email*\" \/><\/span><\/div>\n<div class=\"media\"><span class=\"wpcf7-form-control-wrap your-tel\"><input type=\"tel\" name=\"your-tel\" value=\"\" size=\"40\" class=\"wpcf7-form-control wpcf7-text wpcf7-tel wpcf7-validates-as-required wpcf7-validates-as-tel\" aria-required=\"true\" aria-invalid=\"false\" placeholder=\"Tel\u00e9fono de contacto\" \/><\/span><\/div>\n<\/div>\n<div class=\"fila\">\n<div class=\"completa\"><span class=\"wpcf7-form-control-wrap your-message\"><textarea name=\"your-message\" cols=\"40\" rows=\"10\" class=\"wpcf7-form-control wpcf7-textarea wpcf7-validates-as-required\" aria-required=\"true\" aria-invalid=\"false\" placeholder=\"Mensaje*\"><\/textarea><\/span><\/div>\n<\/div>\n<p><span class=\"wpcf7-form-control-wrap consentimiento\"><span class=\"wpcf7-form-control wpcf7-acceptance\"><span class=\"wpcf7-list-item\"><label><input type=\"checkbox\" name=\"consentimiento\" value=\"1\" aria-invalid=\"false\" \/><span class=\"wpcf7-list-item-label\">He le\u00eddo y acepto la <a href=\"https:\/\/vps4.virtualservers.es\/privacidad-y-cookies\/\" target=\"_blank\">pol\u00edtica de privacidad<\/a><\/span><\/label><\/span><\/span><\/span><\/p>\n<div class=\"fila\">\n<div class=\"completa\"><input type=\"submit\" value=\"Enviar\" class=\"wpcf7-form-control wpcf7-submit\" \/><\/div>\n<\/div>\n<div class=\"wpcf7-response-output wpcf7-display-none\"><\/div><\/form><\/div><\/div><div class=\"cl-popup-box-closer\"><\/div><\/div><\/div><div class=\"cl-popup-closer\"><\/div><\/div><\/div><div class=\"ult-spacer spacer-6a0469dad86c7\" data-id=\"6a0469dad86c7\" data-height=\"64\" data-height-mobile=\"32\" data-height-tab=\"64\" data-height-tab-portrait=\"64\" data-height-mobile-landscape=\"32\" style=\"clear:both;display:block;\"><\/div><div style=\"border-top: 1px solid #aaaaaa; height: 1em;\"><\/div>\r\n\t<div class=\"wpb_text_column \">\r\n\t\t<div class=\"wpb_wrapper\">\r\n\t\t\t<h3>Acreditaci\u00f3n en distintas fundaciones<\/h3>\n\r\n\t\t<\/div>\r\n\t<\/div>\r\n<div class=\"w-separator type_invisible size_small thick_1 style_solid color_border cont_none\"><span class=\"w-separator-h\"><\/span><\/div><div class=\"w-image\"><div class=\"w-image-h\"><img width=\"621\" height=\"162\" src=\"https:\/\/vps4.virtualservers.es\/wp-content\/uploads\/2017\/04\/diapo_012-621x162.jpg\" class=\"attachment-us_621_0 size-us_621_0\" alt=\"Acreditaciones en fundaciones laborales\" loading=\"lazy\" srcset=\"https:\/\/vps4.virtualservers.es\/wp-content\/uploads\/2017\/04\/diapo_012-621x162.jpg 621w, https:\/\/vps4.virtualservers.es\/wp-content\/uploads\/2017\/04\/diapo_012-768x200.jpg 768w, https:\/\/vps4.virtualservers.es\/wp-content\/uploads\/2017\/04\/diapo_012-960x250.jpg 960w, https:\/\/vps4.virtualservers.es\/wp-content\/uploads\/2017\/04\/diapo_012-150x39.jpg 150w, https:\/\/vps4.virtualservers.es\/wp-content\/uploads\/2017\/04\/diapo_012-234x61.jpg 234w, https:\/\/vps4.virtualservers.es\/wp-content\/uploads\/2017\/04\/diapo_012-284x74.jpg 284w, https:\/\/vps4.virtualservers.es\/wp-content\/uploads\/2017\/04\/diapo_012.jpg 1920w\" sizes=\"(max-width: 621px) 100vw, 621px\" \/><\/div><\/div>\r\n\t<div class=\"wpb_text_column \">\r\n\t\t<div class=\"wpb_wrapper\">\r\n\t\t\t<p><strong><span class=\"rojo\">NORMATEX<\/span>\u00a0<span class=\"gris\">FORMACI\u00d3N<\/span><\/strong>, asociada con Servicios de Prevenci\u00f3n de Riesgos Laborales, imparte cursos homologados y jornadas formativas.<\/p>\n<p>Nuestros partners est\u00e1n acreditados como entidades formadoras en diferentes fundaciones laborales y organismos oficiales, como los de los sectores de la construcci\u00f3n, la agricultura, el transporte, la hosteler\u00eda, el metal, la madera, el vidrio, etc.<\/p>\n<p>Disponemos de\u00a0una amplia oferta formativa y tenemos centros de formaci\u00f3n en varios puntos de Alicante, Andaluc\u00eda y Murcia con una amplia disponibilidad de horarios.<\/p>\n<p>Con m\u00e1s de 20 a\u00f1os de experiencia ofreciendo formaci\u00f3n en prevenci\u00f3n a un gran n\u00famero de empresas y miles de trabajadores de muy diversos sectores de actividad, nuestro objetivo es contribuir a la mejora de la cultura preventiva de las empresas y sus trabajadores, dando respuestas eficientes a sus expectativas y manteniendo un crecimiento s\u00f3lido y sostenible.<\/p>\n\r\n\t\t<\/div>\r\n\t<\/div>\r\n<div class=\"w-separator type_invisible size_small thick_1 style_solid color_border cont_none\"><span class=\"w-separator-h\"><\/span><\/div><div class=\"cl-popup align_center\"><a href=\"javascript:void(0)\" class=\"cl-popup-trigger type_btn cl-btn\"><span>Inf\u00f3rmate sin compromiso<\/span><\/a><div class=\"cl-popup-overlay\" style=\"background-color:rgba(0,0,0,0.75);\"><\/div><div class=\"cl-popup-wrap\"><div class=\"cl-popup-box size_m animation_slideTop\"><div class=\"cl-popup-box-h\"><div class=\"cl-popup-box-content\" style=\"color:#333333;background-color:#ffffff;\">\n<h6>Env\u00edanos el formulario y contactaremos contigo lo antes posible.<\/h6>\n<div role=\"form\" class=\"wpcf7\" id=\"wpcf7-f288-o2\" lang=\"es-ES\" dir=\"ltr\">\n<div class=\"screen-reader-response\"><\/div>\n<form action=\"\/index.php?rest_route=%2Fwp%2Fv2%2Fpages%2F53#wpcf7-f288-o2\" method=\"post\" class=\"wpcf7-form\" novalidate=\"novalidate\">\n<div style=\"display: none;\">\n<input type=\"hidden\" name=\"_wpcf7\" value=\"288\" \/>\n<input type=\"hidden\" name=\"_wpcf7_version\" value=\"5.0.5\" \/>\n<input type=\"hidden\" name=\"_wpcf7_locale\" value=\"es_ES\" \/>\n<input type=\"hidden\" name=\"_wpcf7_unit_tag\" value=\"wpcf7-f288-o2\" \/>\n<input type=\"hidden\" name=\"_wpcf7_container_post\" value=\"0\" \/>\n<\/div>\n<div class=\"oculto\" tabindex=\"-1\"><span class=\"wpcf7-form-control-wrap quiz-467\"><label><span class=\"wpcf7-quiz-label\">subject<\/span> <input type=\"text\" name=\"quiz-467\" size=\"40\" class=\"wpcf7-form-control wpcf7-quiz\" autocomplete=\"off\" aria-required=\"true\" aria-invalid=\"false\" \/><\/label><input type=\"hidden\" name=\"_wpcf7_quiz_answer_quiz-467\" value=\"7d2a8cf595bcb43968036f5cbda4d35b\" \/><\/span><\/div>\n<div class=\"fila\">\n<div class=\"media\"><span class=\"wpcf7-form-control-wrap your-subject\"><input type=\"text\" name=\"your-subject\" value=\"\" size=\"40\" class=\"wpcf7-form-control wpcf7-text wpcf7-validates-as-required\" aria-required=\"true\" aria-invalid=\"false\" placeholder=\"Asunto*\" \/><\/span><\/div>\n<div class=\"media\"><span class=\"wpcf7-form-control-wrap your-name\"><input type=\"text\" name=\"your-name\" value=\"\" size=\"40\" class=\"wpcf7-form-control wpcf7-text wpcf7-validates-as-required\" aria-required=\"true\" aria-invalid=\"false\" placeholder=\"Nombre*\" \/><\/span><\/div>\n<\/div>\n<div class=\"fila\">\n<div class=\"media\"><span class=\"wpcf7-form-control-wrap your-email\"><input type=\"email\" name=\"your-email\" value=\"\" size=\"40\" class=\"wpcf7-form-control wpcf7-text wpcf7-email wpcf7-validates-as-required wpcf7-validates-as-email\" aria-required=\"true\" aria-invalid=\"false\" placeholder=\"Email*\" \/><\/span><\/div>\n<div class=\"media\"><span class=\"wpcf7-form-control-wrap your-tel\"><input type=\"tel\" name=\"your-tel\" value=\"\" size=\"40\" class=\"wpcf7-form-control wpcf7-text wpcf7-tel wpcf7-validates-as-required wpcf7-validates-as-tel\" aria-required=\"true\" aria-invalid=\"false\" placeholder=\"Tel\u00e9fono de contacto\" \/><\/span><\/div>\n<\/div>\n<div class=\"fila\">\n<div class=\"completa\"><span class=\"wpcf7-form-control-wrap your-message\"><textarea name=\"your-message\" cols=\"40\" rows=\"10\" class=\"wpcf7-form-control wpcf7-textarea wpcf7-validates-as-required\" aria-required=\"true\" aria-invalid=\"false\" placeholder=\"Mensaje*\"><\/textarea><\/span><\/div>\n<\/div>\n<p><span class=\"wpcf7-form-control-wrap consentimiento\"><span class=\"wpcf7-form-control wpcf7-acceptance\"><span class=\"wpcf7-list-item\"><label><input type=\"checkbox\" name=\"consentimiento\" value=\"1\" aria-invalid=\"false\" \/><span class=\"wpcf7-list-item-label\">He le\u00eddo y acepto la <a href=\"https:\/\/vps4.virtualservers.es\/privacidad-y-cookies\/\" target=\"_blank\">pol\u00edtica de privacidad<\/a><\/span><\/label><\/span><\/span><\/span><\/p>\n<div class=\"fila\">\n<div class=\"completa\"><input type=\"submit\" value=\"Enviar\" class=\"wpcf7-form-control wpcf7-submit\" \/><\/div>\n<\/div>\n<div class=\"wpcf7-response-output wpcf7-display-none\"><\/div><\/form><\/div><\/div><div class=\"cl-popup-box-closer\"><\/div><\/div><\/div><div class=\"cl-popup-closer\"><\/div><\/div><\/div><\/div><\/div><\/div><div class=\"vc_col-sm-4 wpb_column vc_column_container\"><div class=\"vc_column-inner\"><div class=\"wpb_wrapper\">[vc_widget_sidebar sidebar_id=&#8221;us_widget_area_suscripcin&#8221;]<div class=\"w-separator type_default size_small thick_1 style_solid color_border cont_none\"><span class=\"w-separator-h\"><\/span><\/div>\r\n\t<div class=\"wpb_text_column \">\r\n\t\t<div class=\"wpb_wrapper\">\r\n\t\t\t<p style=\"text-align: center;\"><a style=\"display: block;\" href=\"https:\/\/vps4.virtualservers.es\/docs\/Catalogo-de-cursos.pdf\" target=\"_blank\" rel=\"noopener noreferrer\"><img loading=\"lazy\" class=\"aligncenter size-full wp-image-503\" style=\"margin-bottom: 12px;\" src=\"https:\/\/vps4.virtualservers.es\/wp-content\/uploads\/2018\/10\/catalogo-cursos-2018.jpg\" alt=\"Cat\u00e1logo de cursos 2017\" width=\"842\" height=\"569\" \/><span class=\"aumentarfuente normal\">Descargar cat\u00e1logo en PDF.<i class=\"fa fa-file-pdf-o rojo\" style=\"margin-left: .6em;\"><\/i><\/span><\/a><\/p>\n\r\n\t\t<\/div>\r\n\t<\/div>\r\n<div class=\"w-separator type_default size_small thick_1 style_solid color_border cont_none\"><span class=\"w-separator-h\"><\/span><\/div><\/div><\/div><\/div><\/div>[vc_empty_space]<\/div><\/div><\/div><\/div><\/div><\/section>\n","protected":false},"excerpt":{"rendered":"\u00bfEres asesor, graduado social o diriges un centro de formaci\u00f3n? Colaboramos con asesor\u00edas laborales, graduados sociales, centros de formaci\u00f3n, academias y autoescuelas, proporcion\u00e1ndoles la cobertura legal y t\u00e9cnica necesaria, de modo que se genere una sinergia en la que todos salgamos ganando (win to win). Ventajas de colaborar con NORMATEX Colaborar con una empresa que...","protected":false},"author":2,"featured_media":0,"parent":0,"menu_order":30,"comment_status":"closed","ping_status":"closed","template":"","meta":[],"yst_prominent_words":[],"_links":{"self":[{"href":"https:\/\/vps4.virtualservers.es\/index.php?rest_route=\/wp\/v2\/pages\/53"}],"collection":[{"href":"https:\/\/vps4.virtualservers.es\/index.php?rest_route=\/wp\/v2\/pages"}],"about":[{"href":"https:\/\/vps4.virtualservers.es\/index.php?rest_route=\/wp\/v2\/types\/page"}],"author":[{"embeddable":true,"href":"https:\/\/vps4.virtualservers.es\/index.php?rest_route=\/wp\/v2\/users\/2"}],"replies":[{"embeddable":true,"href":"https:\/\/vps4.virtualservers.es\/index.php?rest_route=%2Fwp%2Fv2%2Fcomments&post=53"}],"version-history":[{"count":0,"href":"https:\/\/vps4.virtualservers.es\/index.php?rest_route=\/wp\/v2\/pages\/53\/revisions"}],"wp:attachment":[{"href":"https:\/\/vps4.virtualservers.es\/index.php?rest_route=%2Fwp%2Fv2%2Fmedia&parent=53"}],"wp:term":[{"taxonomy":"yst_prominent_words","embeddable":true,"href":"https:\/\/vps4.virtualservers.es\/index.php?rest_route=%2Fwp%2Fv2%2Fyst_prominent_words&post=53"}],"curies":[{"name":"wp","href":"https:\/\/api.w.org\/{rel}","templated":true}]}}