{"id":532,"date":"2017-06-01T18:53:57","date_gmt":"2017-06-01T16:53:57","guid":{"rendered":"https:\/\/vps4.virtualservers.es\/?page_id=532"},"modified":"2020-02-26T20:01:17","modified_gmt":"2020-02-26T19:01:17","slug":"formacion-para-empresas","status":"publish","type":"page","link":"https:\/\/vps4.virtualservers.es\/?page_id=532","title":{"rendered":"Formaci\u00f3n para empresas"},"content":{"rendered":"<section class=\"l-section wpb_row height_small\"><div class=\"l-section-h i-cf\"><div class=\"g-cols vc_row type_default valign_top\"><div class=\"vc_col-sm-8 wpb_column vc_column_container\"><div class=\"vc_column-inner\"><div class=\"wpb_wrapper\"><div class=\"g-cols wpb_row type_default valign_top vc_inner \"><div class=\"vc_col-sm-12 wpb_column vc_column_container\"><div class=\"vc_column-inner\"><div class=\"wpb_wrapper\"><div class=\"w-image\"><div class=\"w-image-h\"><img width=\"621\" height=\"162\" src=\"https:\/\/vps4.virtualservers.es\/wp-content\/uploads\/2017\/06\/diapo_013-621x162.jpg\" class=\"attachment-us_621_0 size-us_621_0\" alt=\"Formaci\u00f3n para empresas\" loading=\"lazy\" srcset=\"https:\/\/vps4.virtualservers.es\/wp-content\/uploads\/2017\/06\/diapo_013-621x162.jpg 621w, https:\/\/vps4.virtualservers.es\/wp-content\/uploads\/2017\/06\/diapo_013-768x200.jpg 768w, https:\/\/vps4.virtualservers.es\/wp-content\/uploads\/2017\/06\/diapo_013-960x250.jpg 960w, https:\/\/vps4.virtualservers.es\/wp-content\/uploads\/2017\/06\/diapo_013-150x39.jpg 150w, https:\/\/vps4.virtualservers.es\/wp-content\/uploads\/2017\/06\/diapo_013-234x61.jpg 234w, https:\/\/vps4.virtualservers.es\/wp-content\/uploads\/2017\/06\/diapo_013-284x74.jpg 284w, https:\/\/vps4.virtualservers.es\/wp-content\/uploads\/2017\/06\/diapo_013.jpg 1920w\" sizes=\"(max-width: 621px) 100vw, 621px\" \/><\/div><\/div>\r\n\t<div class=\"wpb_text_column \">\r\n\t\t<div class=\"wpb_wrapper\">\r\n\t\t\t<h1>Formaci\u00f3n para empresas<\/h1>\n<p><strong><span class=\"rojo\">NORMATEX<\/span><\/strong> ofrece sus servicios de formaci\u00f3n y consultor\u00eda a empresas p\u00fablicas y privadas, con el m\u00e1ximo compromiso de calidad en todas sus acciones formativas.<\/p>\n<p>Ofrecemos las formaciones obligatorias que deben realizar los empresarios y sus trabajadores para dar cumplimiento con lo estipulado en los convenios colectivos de determinados sectores que han legislado espec\u00edficamente esta materia.<\/p>\n<p>En concreto, en los convenios colectivos de Construcci\u00f3n-Metal-Vidrio, Rotulaci\u00f3n-Madera y Mueble.<\/p>\n<h3>Formaci\u00f3n bonificada y consultor\u00eda<\/h3>\n<p><strong><span class=\"rojo\">NORMATEX<\/span><\/strong> puede realizar formaci\u00f3n no reglada y <strong>gestionar su bonificaci\u00f3n y descuento en la Fundaci\u00f3n Estatal para la Formaci\u00f3n en el Empleo<\/strong> (antigua Fundaci\u00f3n Tripartita).<br \/>\nComo empresa organizadora de la formaci\u00f3n para empresas, cumplimos con la normativa establecida para realizar los descuentos en formaci\u00f3n bonificada.<\/p>\n<p><strong><span class=\"rojo\">NORMATEX<\/span><\/strong> asesora en el diagn\u00f3stico, an\u00e1lisis y detecci\u00f3n de las necesidades formativas de la empresa, para la buena programaci\u00f3n y utilizaci\u00f3n de los cr\u00e9ditos formativos de la FUNDAE.<\/p>\n<h3>Soluciones integrales<\/h3>\n<p>Ofrecemos <strong>soluciones integrales de formaci\u00f3n<\/strong>, adapt\u00e1ndonos a las necesidades y peculiaridades de cada empresa, garantizando la confidencialidad y calidad de todo el proceso operativo de la consulta y gesti\u00f3n de la formaci\u00f3n de tu empresa, as\u00ed como su posterior bonificaci\u00f3n.<\/p>\n<p><strong>Impartimos jornadas t\u00e9cnicas y acciones formativas en:<\/strong><\/p>\n<ul>\n<li>Comunidad Aut\u00f3noma de la Regi\u00f3n de Murcia &#8211; CARM<\/li>\n<li>ASAJA, FECOAM, UPA, COAG (AGRICULTURA)<\/li>\n<li>C\u00e1mara Oficial de Comercio, Industria, Servicios y Navegaci\u00f3n de Murcia<\/li>\n<li>C\u00e1mara Oficial de Comercio, Industria, Servicios y Navegaci\u00f3n de Cartagena<\/li>\n<li>C\u00e1mara de Comercio e Industria de Lorca<\/li>\n<li>Federaci\u00f3n Regional de Empresarios del Metal de Murcia (FREMM)<\/li>\n<li>Confederaci\u00f3n Regional de Organizaciones Empresariales (CROEM)<\/li>\n<\/ul>\n\r\n\t\t<\/div>\r\n\t<\/div>\r\n<div class=\"w-separator type_invisible size_small thick_1 style_solid color_border cont_none\"><span class=\"w-separator-h\"><\/span><\/div><div class=\"cl-popup align_center\"><a href=\"javascript:void(0)\" class=\"cl-popup-trigger type_btn cl-btn\"><span>Inf\u00f3rmate sin compromiso<\/span><\/a><div class=\"cl-popup-overlay\" style=\"background-color:rgba(0,0,0,0.75);\"><\/div><div class=\"cl-popup-wrap\"><div class=\"cl-popup-box size_m animation_slideTop\"><div class=\"cl-popup-box-h\"><div class=\"cl-popup-box-content\" style=\"color:#333333;background-color:#ffffff;\">\n<h6>P\u00eddenos informaci\u00f3n\u00a0y contactaremos lo antes posible.<\/h6>\n<div role=\"form\" class=\"wpcf7\" id=\"wpcf7-f288-o1\" lang=\"es-ES\" dir=\"ltr\">\n<div class=\"screen-reader-response\"><\/div>\n<form action=\"\/index.php?rest_route=%2Fwp%2Fv2%2Fpages%2F532#wpcf7-f288-o1\" method=\"post\" class=\"wpcf7-form\" novalidate=\"novalidate\">\n<div style=\"display: none;\">\n<input type=\"hidden\" name=\"_wpcf7\" value=\"288\" \/>\n<input type=\"hidden\" name=\"_wpcf7_version\" value=\"5.0.5\" \/>\n<input type=\"hidden\" name=\"_wpcf7_locale\" value=\"es_ES\" \/>\n<input type=\"hidden\" name=\"_wpcf7_unit_tag\" value=\"wpcf7-f288-o1\" \/>\n<input type=\"hidden\" name=\"_wpcf7_container_post\" value=\"0\" \/>\n<\/div>\n<div class=\"oculto\" tabindex=\"-1\"><span class=\"wpcf7-form-control-wrap quiz-467\"><label><span class=\"wpcf7-quiz-label\">subject<\/span> <input type=\"text\" name=\"quiz-467\" size=\"40\" class=\"wpcf7-form-control wpcf7-quiz\" autocomplete=\"off\" aria-required=\"true\" aria-invalid=\"false\" \/><\/label><input type=\"hidden\" name=\"_wpcf7_quiz_answer_quiz-467\" value=\"7d2a8cf595bcb43968036f5cbda4d35b\" \/><\/span><\/div>\n<div class=\"fila\">\n<div class=\"media\"><span class=\"wpcf7-form-control-wrap your-subject\"><input type=\"text\" name=\"your-subject\" value=\"\" size=\"40\" class=\"wpcf7-form-control wpcf7-text wpcf7-validates-as-required\" aria-required=\"true\" aria-invalid=\"false\" placeholder=\"Asunto*\" \/><\/span><\/div>\n<div class=\"media\"><span class=\"wpcf7-form-control-wrap your-name\"><input type=\"text\" name=\"your-name\" value=\"\" size=\"40\" class=\"wpcf7-form-control wpcf7-text wpcf7-validates-as-required\" aria-required=\"true\" aria-invalid=\"false\" placeholder=\"Nombre*\" \/><\/span><\/div>\n<\/div>\n<div class=\"fila\">\n<div class=\"media\"><span class=\"wpcf7-form-control-wrap your-email\"><input type=\"email\" name=\"your-email\" value=\"\" size=\"40\" class=\"wpcf7-form-control wpcf7-text wpcf7-email wpcf7-validates-as-required wpcf7-validates-as-email\" aria-required=\"true\" aria-invalid=\"false\" placeholder=\"Email*\" \/><\/span><\/div>\n<div class=\"media\"><span class=\"wpcf7-form-control-wrap your-tel\"><input type=\"tel\" name=\"your-tel\" value=\"\" size=\"40\" class=\"wpcf7-form-control wpcf7-text wpcf7-tel wpcf7-validates-as-required wpcf7-validates-as-tel\" aria-required=\"true\" aria-invalid=\"false\" placeholder=\"Tel\u00e9fono de contacto\" \/><\/span><\/div>\n<\/div>\n<div class=\"fila\">\n<div class=\"completa\"><span class=\"wpcf7-form-control-wrap your-message\"><textarea name=\"your-message\" cols=\"40\" rows=\"10\" class=\"wpcf7-form-control wpcf7-textarea wpcf7-validates-as-required\" aria-required=\"true\" aria-invalid=\"false\" placeholder=\"Mensaje*\"><\/textarea><\/span><\/div>\n<\/div>\n<p><span class=\"wpcf7-form-control-wrap consentimiento\"><span class=\"wpcf7-form-control wpcf7-acceptance\"><span class=\"wpcf7-list-item\"><label><input type=\"checkbox\" name=\"consentimiento\" value=\"1\" aria-invalid=\"false\" \/><span class=\"wpcf7-list-item-label\">He le\u00eddo y acepto la <a href=\"https:\/\/vps4.virtualservers.es\/privacidad-y-cookies\/\" target=\"_blank\">pol\u00edtica de privacidad<\/a><\/span><\/label><\/span><\/span><\/span><\/p>\n<div class=\"fila\">\n<div class=\"completa\"><input type=\"submit\" value=\"Enviar\" class=\"wpcf7-form-control wpcf7-submit\" \/><\/div>\n<\/div>\n<div class=\"wpcf7-response-output wpcf7-display-none\"><\/div><\/form><\/div><\/div><div class=\"cl-popup-box-closer\"><\/div><\/div><\/div><div class=\"cl-popup-closer\"><\/div><\/div><\/div><div class=\"w-separator type_invisible size_small thick_1 style_solid color_border cont_none\"><span class=\"w-separator-h\"><\/span><\/div><\/div><\/div><\/div><\/div><\/div><\/div><\/div><div class=\"vc_col-sm-4 wpb_column vc_column_container\"><div class=\"vc_column-inner\"><div class=\"wpb_wrapper\"><div class=\"g-cols wpb_row type_default valign_top vc_inner \"><div class=\"vc_col-sm-12 wpb_column vc_column_container\"><div class=\"vc_column-inner\"><div class=\"wpb_wrapper\">[vc_widget_sidebar sidebar_id=&#8221;us_widget_area_suscripcin&#8221;]<div class=\"w-separator type_default size_small thick_1 style_solid color_border cont_none\"><span class=\"w-separator-h\"><\/span><\/div><\/div><\/div><\/div><\/div><\/div><\/div><\/div><\/div><\/div><\/section><section class=\"l-section wpb_row height_small\"><div class=\"l-section-h i-cf\"><div class=\"g-cols vc_row type_default valign_top\"><div class=\"vc_col-sm-8 wpb_column vc_column_container\"><div class=\"vc_column-inner\"><div class=\"wpb_wrapper\"><div class=\"g-cols wpb_row type_default valign_top vc_inner \"><div class=\"vc_col-sm-12 wpb_column vc_column_container\"><div class=\"vc_column-inner\"><div class=\"wpb_wrapper\"><div style=\"border-top: 1px solid #aaaaaa; height: 1em;\"><\/div>\r\n\t<div class=\"wpb_text_column \">\r\n\t\t<div class=\"wpb_wrapper\">\r\n\t\t\t<h3>Implantaci\u00f3n de planes de autoprotecci\u00f3n<\/h3>\n<p>Nuestro departamento de ingenier\u00eda y formaci\u00f3n, elabora y dise\u00f1a:<\/p>\n<ul>\n<li>Proyectos contra incendios<\/li>\n<li>Planes de autoprotecci\u00f3n<\/li>\n<\/ul>\n<p>Como apoyo\u00a0de los planes de autoprotecci\u00f3n para grandes recintos p\u00fablicos, realizamos videos y visitas virtuales, indicando a los asistentes la situaci\u00f3n de los medios protecci\u00f3n contra incendios, las v\u00edas y salidas de evacuaci\u00f3n y las pautas a seguir en caso de emergencia, dando un valor a\u00f1adido a\u00a0la implantaci\u00f3n.<\/p>\n\r\n\t\t<\/div>\r\n\t<\/div>\r\n\r\n\t<div class=\"wpb_text_column \">\r\n\t\t<div class=\"wpb_wrapper\">\r\n\t\t\t<p><strong><span class=\"rojo\">NORMATEX<\/span>\u00a0<span class=\"gris\">FORMACI\u00d3N<\/span><\/strong> tiene acuerdos con servicios de PRL ajenos acreditados como entidades formadoras por diferentes fundaciones laborales y organismos oficiales (construcci\u00f3n, agricultura, transporte, hosteler\u00eda, metal, madera, vidrio, D. G. T., Ministerio de Fomento&#8230;)<\/p>\n<p><strong><span class=\"rojo\">NORMATEX<\/span>\u00a0<span class=\"gris\">FORMACI\u00d3N <\/span><\/strong>dispone de una amplia oferta formativa con centros de formaci\u00f3n en Alicante, Andaluc\u00eda y Murcia.<\/p>\n\r\n\t\t<\/div>\r\n\t<\/div>\r\n<\/div><\/div><\/div><\/div><\/div><\/div><\/div><div class=\"vc_col-sm-4 wpb_column vc_column_container\"><div class=\"vc_column-inner\"><div class=\"wpb_wrapper\"><div class=\"g-cols wpb_row type_default valign_top vc_inner \"><div class=\"vc_col-sm-12 wpb_column vc_column_container\"><div class=\"vc_column-inner\"><div class=\"wpb_wrapper\"><div style=\"border-top: 1px solid #aaaaaa; height: 1em;\"><\/div><div class=\"w-video ratio_16x9\"><div class=\"w-video-h\"><iframe width=\"420\" height=\"315\" src=\"\/\/www.youtube.com\/embed\/KJ9VnUWkmts?rel=0\" allowfullscreen><\/iframe><\/div><\/div><\/div><\/div><\/div><\/div><\/div><\/div><\/div><\/div><\/div><\/section><section class=\"l-section wpb_row height_small\"><div class=\"l-section-h i-cf\"><div class=\"g-cols vc_row type_default valign_top\"><div class=\"vc_col-sm-12 wpb_column vc_column_container\"><div class=\"vc_column-inner\"><div class=\"wpb_wrapper\"><div style=\"border-top: 1px solid #aaaaaa; height: 1em;\"><\/div>\r\n\t<div class=\"wpb_text_column \">\r\n\t\t<div class=\"wpb_wrapper\">\r\n\t\t\t<h3>Acreditaciones<\/h3>\n\r\n\t\t<\/div>\r\n\t<\/div>\r\n\r\n\t<div class=\"wpb_text_column \">\r\n\t\t<div class=\"wpb_wrapper\">\r\n\t\t\t<p><strong><span class=\"rojo\">NORMATEX<\/span>\u00a0<span class=\"gris\">FORMACI\u00d3N<\/span><\/strong> tiene acuerdos con servicios de PRL ajenos acreditados como entidades formadoras por diferentes fundaciones laborales y organismos oficiales (construcci\u00f3n, agricultura, transporte, hosteler\u00eda, metal, madera, vidrio, D. G. T., Ministerio de Fomento&#8230;)<\/p>\n<p><strong><span class=\"rojo\">NORMATEX<\/span>\u00a0<span class=\"gris\">FORMACI\u00d3N <\/span><\/strong>dispone de una amplia oferta formativa con centros de formaci\u00f3n en Alicante, Andaluc\u00eda y Murcia.<\/p>\n\r\n\t\t<\/div>\r\n\t<\/div>\r\n<\/div><\/div><\/div><\/div><\/div><\/section>\n","protected":false},"excerpt":{"rendered":"Formaci\u00f3n para empresas NORMATEX ofrece sus servicios de formaci\u00f3n y consultor\u00eda a empresas p\u00fablicas y privadas, con el m\u00e1ximo compromiso de calidad en todas sus acciones formativas. Ofrecemos las formaciones obligatorias que deben realizar los empresarios y sus trabajadores para dar cumplimiento con lo estipulado en los convenios colectivos de determinados sectores que han legislado...","protected":false},"author":2,"featured_media":0,"parent":0,"menu_order":31,"comment_status":"closed","ping_status":"closed","template":"","meta":[],"yst_prominent_words":[49,35,44,38,40,48,34,42,51,37,43,45,39,47,33,46,32,41,50,36],"_links":{"self":[{"href":"https:\/\/vps4.virtualservers.es\/index.php?rest_route=\/wp\/v2\/pages\/532"}],"collection":[{"href":"https:\/\/vps4.virtualservers.es\/index.php?rest_route=\/wp\/v2\/pages"}],"about":[{"href":"https:\/\/vps4.virtualservers.es\/index.php?rest_route=\/wp\/v2\/types\/page"}],"author":[{"embeddable":true,"href":"https:\/\/vps4.virtualservers.es\/index.php?rest_route=\/wp\/v2\/users\/2"}],"replies":[{"embeddable":true,"href":"https:\/\/vps4.virtualservers.es\/index.php?rest_route=%2Fwp%2Fv2%2Fcomments&post=532"}],"version-history":[{"count":0,"href":"https:\/\/vps4.virtualservers.es\/index.php?rest_route=\/wp\/v2\/pages\/532\/revisions"}],"wp:attachment":[{"href":"https:\/\/vps4.virtualservers.es\/index.php?rest_route=%2Fwp%2Fv2%2Fmedia&parent=532"}],"wp:term":[{"taxonomy":"yst_prominent_words","embeddable":true,"href":"https:\/\/vps4.virtualservers.es\/index.php?rest_route=%2Fwp%2Fv2%2Fyst_prominent_words&post=532"}],"curies":[{"name":"wp","href":"https:\/\/api.w.org\/{rel}","templated":true}]}}